{"id":82568,"date":"2026-02-11T14:48:56","date_gmt":"2026-02-11T14:48:56","guid":{"rendered":"https:\/\/fanaticstore.shop\/?post_type=product&#038;p=82568"},"modified":"2026-04-12T16:51:48","modified_gmt":"2026-04-12T16:51:48","slug":"kids-kit-bournemouth-home-fan-jersey-2025-26","status":"publish","type":"product","link":"https:\/\/fanaticstore.shop\/de\/shop\/clubs\/premier-league\/other-premier-league-clubs\/kids-kit-bournemouth-home-fan-jersey-2025-26\/","title":{"rendered":"Kids Kit Bournemouth Home Jersey 2025\/26"},"content":{"rendered":"<h3>Jubeln Sie mit Liebe und Stil!<\/h3>\n<p>Sie lieben es, Ihre Mannschaft spielen zu sehen? Nat\u00fcrlich tun Sie das! Dann zeige deine Liebe zu deinem Team und kaufe das Trikot deines Lieblingsvereins mit\u00a0<strong>Premium-Qualit\u00e4t und ein fairer Preis<\/strong>!<\/p>\n<h3>Ist der Kauf sicher?<\/h3>\n<p>Der Kauf ist 100% sicher! Wir garantieren einen sicheren Kauf, hochwertige Produkte und absolute Zufriedenheit. Wenn Sie mit der Qualit\u00e4t unserer Trikots nicht zufrieden sind, k\u00f6nnen Sie innerhalb von 7 Tagen nach Erhalt Ihrer Bestellung eine R\u00fcckgabe beantragen.<\/p>\n<h3>Schnelle und sichere Lieferung!<\/h3>\n<p>Wir begleiten Sie bei jedem Schritt des Weges. Wir garantieren eine sichere Transaktion, hochwertige Produkte und absolute Zufriedenheit. Nachdem Ihre Bestellung best\u00e4tigt wurde, wird sich unser Team innerhalb von 7 Werktagen per E-Mail mit Ihnen in Verbindung setzen, um Ihnen den Tracking-Code mitzuteilen, der in Echtzeit nachverfolgt werden kann.<\/p>","protected":false},"excerpt":{"rendered":"<p>Mit Liebe und Stil jubeln! Sie lieben es, Ihre Mannschaft spielen zu sehen? Nat\u00fcrlich tun Sie das! Dann zeige deine Liebe<\/p>","protected":false},"featured_media":82576,"comment_status":"open","ping_status":"closed","template":"","meta":[],"product_brand":[],"product_cat":[168,191,264,175],"product_tag":[620],"class_list":{"0":"post-82568","1":"product","2":"type-product","3":"status-publish","4":"has-post-thumbnail","6":"product_cat-clubs","7":"product_cat-kids-kit","8":"product_cat-other-premier-league-clubs","9":"product_cat-premier-league","10":"product_tag-bournemouth","12":"first","13":"instock","14":"sale","15":"shipping-taxable","16":"purchasable","17":"product-type-variable"},"exclude_global_add_ons":[],"addons":[],"_links":{"self":[{"href":"https:\/\/fanaticstore.shop\/de\/wp-json\/wp\/v2\/product\/82568","targetHints":{"allow":["GET"]}}],"collection":[{"href":"https:\/\/fanaticstore.shop\/de\/wp-json\/wp\/v2\/product"}],"about":[{"href":"https:\/\/fanaticstore.shop\/de\/wp-json\/wp\/v2\/types\/product"}],"replies":[{"embeddable":true,"href":"https:\/\/fanaticstore.shop\/de\/wp-json\/wp\/v2\/comments?post=82568"}],"wp:featuredmedia":[{"embeddable":true,"href":"https:\/\/fanaticstore.shop\/de\/wp-json\/wp\/v2\/media\/82576"}],"wp:attachment":[{"href":"https:\/\/fanaticstore.shop\/de\/wp-json\/wp\/v2\/media?parent=82568"}],"wp:term":[{"taxonomy":"product_brand","embeddable":true,"href":"https:\/\/fanaticstore.shop\/de\/wp-json\/wp\/v2\/product_brand?post=82568"},{"taxonomy":"product_cat","embeddable":true,"href":"https:\/\/fanaticstore.shop\/de\/wp-json\/wp\/v2\/product_cat?post=82568"},{"taxonomy":"product_tag","embeddable":true,"href":"https:\/\/fanaticstore.shop\/de\/wp-json\/wp\/v2\/product_tag?post=82568"}],"curies":[{"name":"wp","href":"https:\/\/api.w.org\/{rel}","templated":true}]}}