{"id":83726,"date":"2026-03-01T23:31:43","date_gmt":"2026-03-01T23:31:43","guid":{"rendered":"https:\/\/fanaticstore.shop\/?post_type=product&#038;p=83726"},"modified":"2026-04-12T16:51:37","modified_gmt":"2026-04-12T16:51:37","slug":"kids-kit-elche-home-jersey-2025-26","status":"publish","type":"product","link":"https:\/\/fanaticstore.shop\/es\/shop\/clubs\/la-liga\/other-la-liga-clubs\/kids-kit-elche-home-jersey-2025-26\/","title":{"rendered":"Kids Kit Elche Home Jersey 2025\/26"},"content":{"rendered":"<h3>\u00a1Anima con amor y estilo!<\/h3>\n<p>\u00bfTe encanta ver jugar a tu equipo? Claro que s\u00ed. Entonces demuestra tu amor por tu equipo y compra la camiseta de tu club favorito con\u00a0<strong>calidad superior y precio justo<\/strong>!<\/p>\n<h3>\u00bfEs segura la compra?<\/h3>\n<p>\u00a1La compra es 100% segura! Le garantizamos una compra segura, productos de alta calidad y una satisfacci\u00f3n total. Si no est\u00e1s satisfecho con la calidad de nuestros jerseys, puedes solicitar una devoluci\u00f3n en un plazo de 7 d\u00edas desde la recepci\u00f3n del pedido.<\/p>\n<h3>Entrega r\u00e1pida y segura<\/h3>\n<p>Le acompa\u00f1amos en cada paso del camino. Le garantizamos una transacci\u00f3n segura, productos de alta calidad y satisfacci\u00f3n total. Una vez confirmado su pedido, nuestro equipo se pondr\u00e1 en contacto con usted por correo electr\u00f3nico en un plazo de 7 d\u00edas laborables para facilitarle el c\u00f3digo de seguimiento, que podr\u00e1 seguir en tiempo real.<\/p>","protected":false},"excerpt":{"rendered":"<p>\u00a1Anima con amor y estilo! \u00bfTe encanta ver jugar a tu equipo? Claro que s\u00ed. Entonces demuestra tu amor<\/p>","protected":false},"featured_media":83734,"comment_status":"open","ping_status":"closed","template":"","meta":[],"product_brand":[],"product_cat":[168,191,179,230],"product_tag":[648],"class_list":{"0":"post-83726","1":"product","2":"type-product","3":"status-publish","4":"has-post-thumbnail","6":"product_cat-clubs","7":"product_cat-kids-kit","8":"product_cat-la-liga","9":"product_cat-other-la-liga-clubs","10":"product_tag-elche","12":"first","13":"instock","14":"sale","15":"shipping-taxable","16":"purchasable","17":"product-type-variable"},"exclude_global_add_ons":[],"addons":[],"_links":{"self":[{"href":"https:\/\/fanaticstore.shop\/es\/wp-json\/wp\/v2\/product\/83726","targetHints":{"allow":["GET"]}}],"collection":[{"href":"https:\/\/fanaticstore.shop\/es\/wp-json\/wp\/v2\/product"}],"about":[{"href":"https:\/\/fanaticstore.shop\/es\/wp-json\/wp\/v2\/types\/product"}],"replies":[{"embeddable":true,"href":"https:\/\/fanaticstore.shop\/es\/wp-json\/wp\/v2\/comments?post=83726"}],"wp:featuredmedia":[{"embeddable":true,"href":"https:\/\/fanaticstore.shop\/es\/wp-json\/wp\/v2\/media\/83734"}],"wp:attachment":[{"href":"https:\/\/fanaticstore.shop\/es\/wp-json\/wp\/v2\/media?parent=83726"}],"wp:term":[{"taxonomy":"product_brand","embeddable":true,"href":"https:\/\/fanaticstore.shop\/es\/wp-json\/wp\/v2\/product_brand?post=83726"},{"taxonomy":"product_cat","embeddable":true,"href":"https:\/\/fanaticstore.shop\/es\/wp-json\/wp\/v2\/product_cat?post=83726"},{"taxonomy":"product_tag","embeddable":true,"href":"https:\/\/fanaticstore.shop\/es\/wp-json\/wp\/v2\/product_tag?post=83726"}],"curies":[{"name":"wp","href":"https:\/\/api.w.org\/{rel}","templated":true}]}}