{"id":84634,"date":"2026-03-29T19:10:06","date_gmt":"2026-03-29T19:10:06","guid":{"rendered":"https:\/\/fanaticstore.shop\/?post_type=product&#038;p=84634"},"modified":"2026-04-27T16:32:39","modified_gmt":"2026-04-27T16:32:39","slug":"england-goalkeeper-fan-jersey-2026","status":"publish","type":"product","link":"https:\/\/fanaticstore.shop\/fr\/shop\/football-shop\/fan-jersey\/england-goalkeeper-fan-jersey-2026\/","title":{"rendered":"England Goalkeeper Fan Jersey 2026"},"content":{"rendered":"<h3>Applaudissez avec amour et style !<\/h3>\n<p>Vous aimez regarder votre \u00e9quipe jouer ? Bien s\u00fbr que oui ! Alors montrez votre amour pour votre \u00e9quipe et achetez le maillot de votre club pr\u00e9f\u00e9r\u00e9 avec <strong>une qualit\u00e9 sup\u00e9rieure et un prix \u00e9quitable<\/strong>!<\/p>\n<h3>L'achat est-il s\u00e9curis\u00e9 ?<\/h3>\n<p>L'achat est 100% s\u00e9curis\u00e9 ! Nous garantissons un achat s\u00e9curis\u00e9, des produits de haute qualit\u00e9 et une satisfaction totale. Si vous n'\u00eates pas satisfait de la qualit\u00e9 de nos maillots, vous pouvez demander un retour dans les 7 jours suivant la r\u00e9ception de votre commande.<\/p>\n<h3>Livraison rapide et s\u00fbre !<\/h3>\n<p>Nous vous accompagnons \u00e0 chaque \u00e9tape. Nous vous garantissons une transaction s\u00e9curis\u00e9e, des produits de qualit\u00e9 et une satisfaction totale. Apr\u00e8s confirmation de votre commande, notre \u00e9quipe vous contactera par email dans les 7 jours ouvrables pour vous fournir le code de suivi, qui peut \u00eatre suivi en temps r\u00e9el.<\/p>","protected":false},"excerpt":{"rendered":"<p>Encouragez avec amour et style ! Vous aimez regarder votre \u00e9quipe jouer ? Bien s\u00fbr que oui ! Alors montrez votre amour<\/p>","protected":false},"featured_media":84640,"comment_status":"open","ping_status":"closed","template":"","meta":[],"product_brand":[],"product_cat":[190,185,694,182],"product_tag":[666],"class_list":{"0":"post-84634","1":"product","2":"type-product","3":"status-publish","4":"has-post-thumbnail","6":"product_cat-fan-jersey","7":"product_cat-europe","8":"product_cat-fifa-world-cup-2026","9":"product_cat-national-teams","10":"product_tag-england","12":"first","13":"instock","14":"sale","15":"shipping-taxable","16":"purchasable","17":"product-type-variable"},"exclude_global_add_ons":false,"addons":[{"name":"Add a patch (optional):","type":"multiple_choice","position":0,"required":false,"title_format":"label","default":"","description_enable":false,"description":"","placeholder_enable":false,"placeholder":"","display":"images","restrictions_type":"any_text","adjust_price":false,"price":"","price_type":"flat_fee","restrictions":false,"min":"0","max":"0","options":[{"label":"Golden","price":"1","price_type":"flat_fee","image":87776,"visibility":true},{"label":"White\/Golden","price":"1","price_type":"flat_fee","image":87777,"visibility":true},{"label":"Black","price":"1","price_type":"flat_fee","image":87778,"visibility":true},{"label":"White","price":"1","price_type":"flat_fee","image":87779,"visibility":true}],"id":1778515183}],"_links":{"self":[{"href":"https:\/\/fanaticstore.shop\/fr\/wp-json\/wp\/v2\/product\/84634","targetHints":{"allow":["GET"]}}],"collection":[{"href":"https:\/\/fanaticstore.shop\/fr\/wp-json\/wp\/v2\/product"}],"about":[{"href":"https:\/\/fanaticstore.shop\/fr\/wp-json\/wp\/v2\/types\/product"}],"replies":[{"embeddable":true,"href":"https:\/\/fanaticstore.shop\/fr\/wp-json\/wp\/v2\/comments?post=84634"}],"wp:featuredmedia":[{"embeddable":true,"href":"https:\/\/fanaticstore.shop\/fr\/wp-json\/wp\/v2\/media\/84640"}],"wp:attachment":[{"href":"https:\/\/fanaticstore.shop\/fr\/wp-json\/wp\/v2\/media?parent=84634"}],"wp:term":[{"taxonomy":"product_brand","embeddable":true,"href":"https:\/\/fanaticstore.shop\/fr\/wp-json\/wp\/v2\/product_brand?post=84634"},{"taxonomy":"product_cat","embeddable":true,"href":"https:\/\/fanaticstore.shop\/fr\/wp-json\/wp\/v2\/product_cat?post=84634"},{"taxonomy":"product_tag","embeddable":true,"href":"https:\/\/fanaticstore.shop\/fr\/wp-json\/wp\/v2\/product_tag?post=84634"}],"curies":[{"name":"wp","href":"https:\/\/api.w.org\/{rel}","templated":true}]}}