{"id":85436,"date":"2026-04-05T18:10:20","date_gmt":"2026-04-05T18:10:20","guid":{"rendered":"https:\/\/fanaticstore.shop\/?post_type=product&#038;p=85436"},"modified":"2026-04-12T16:51:30","modified_gmt":"2026-04-12T16:51:30","slug":"kids-kit-belgium-home-jersey-2026","status":"publish","type":"product","link":"https:\/\/fanaticstore.shop\/it\/shop\/football-shop\/kids-kit\/kids-kit-belgium-home-jersey-2026\/","title":{"rendered":"Kit bambini Maglia Belgio Home 2026"},"content":{"rendered":"<h3>Fate il tifo con amore e stile!<\/h3>\n<p>Vi piace guardare la vostra squadra giocare? Certo che s\u00ec! Allora dimostrate il vostro amore per la vostra squadra e acquistate la maglia del vostro club preferito con <strong>qualit\u00e0 premium e prezzo equo<\/strong>!<\/p>\n<h3>L'acquisto \u00e8 sicuro?<\/h3>\n<p>L'acquisto \u00e8 100% sicuro! Garantiamo un acquisto sicuro, prodotti di alta qualit\u00e0 e soddisfazione totale. Se non sei soddisfatto della qualit\u00e0 delle nostre maglie, puoi richiedere un reso entro 7 giorni dalla ricezione dell'ordine.<\/p>\n<h3>Consegna veloce e sicura!<\/h3>\n<p>Vi accompagniamo in ogni fase del processo. Garantiamo una transazione sicura, prodotti di alta qualit\u00e0 e una soddisfazione totale. Dopo la conferma dell'ordine, il nostro team vi contatter\u00e0 via e-mail entro 7 giorni lavorativi per fornirvi il codice di tracciamento, che potr\u00e0 essere seguito in tempo reale.<\/p>","protected":false},"excerpt":{"rendered":"<p>Tifate con amore e stile! Vi piace guardare la vostra squadra giocare? Certo che s\u00ec! Allora dimostrate il vostro amore<\/p>","protected":false},"featured_media":85444,"comment_status":"open","ping_status":"closed","template":"","meta":[],"product_brand":[],"product_cat":[191,185,182],"product_tag":[676],"class_list":{"0":"post-85436","1":"product","2":"type-product","3":"status-publish","4":"has-post-thumbnail","6":"product_cat-kids-kit","7":"product_cat-europe","8":"product_cat-national-teams","9":"product_tag-belgium","11":"first","12":"instock","13":"sale","14":"shipping-taxable","15":"purchasable","16":"product-type-variable"},"exclude_global_add_ons":[],"addons":[],"_links":{"self":[{"href":"https:\/\/fanaticstore.shop\/it\/wp-json\/wp\/v2\/product\/85436","targetHints":{"allow":["GET"]}}],"collection":[{"href":"https:\/\/fanaticstore.shop\/it\/wp-json\/wp\/v2\/product"}],"about":[{"href":"https:\/\/fanaticstore.shop\/it\/wp-json\/wp\/v2\/types\/product"}],"replies":[{"embeddable":true,"href":"https:\/\/fanaticstore.shop\/it\/wp-json\/wp\/v2\/comments?post=85436"}],"wp:featuredmedia":[{"embeddable":true,"href":"https:\/\/fanaticstore.shop\/it\/wp-json\/wp\/v2\/media\/85444"}],"wp:attachment":[{"href":"https:\/\/fanaticstore.shop\/it\/wp-json\/wp\/v2\/media?parent=85436"}],"wp:term":[{"taxonomy":"product_brand","embeddable":true,"href":"https:\/\/fanaticstore.shop\/it\/wp-json\/wp\/v2\/product_brand?post=85436"},{"taxonomy":"product_cat","embeddable":true,"href":"https:\/\/fanaticstore.shop\/it\/wp-json\/wp\/v2\/product_cat?post=85436"},{"taxonomy":"product_tag","embeddable":true,"href":"https:\/\/fanaticstore.shop\/it\/wp-json\/wp\/v2\/product_tag?post=85436"}],"curies":[{"name":"wp","href":"https:\/\/api.w.org\/{rel}","templated":true}]}}