{"id":60424,"date":"2025-10-11T16:42:38","date_gmt":"2025-10-11T16:42:38","guid":{"rendered":"https:\/\/fanaticstore.shop\/shop\/uncategorized\/chelsea-third-fan-jersey-2025-26\/"},"modified":"2026-04-12T16:47:33","modified_gmt":"2026-04-12T16:47:33","slug":"chelsea-third-fan-jersey-2025-26","status":"publish","type":"product","link":"https:\/\/fanaticstore.shop\/pt\/shop\/clubs\/premier-league\/chelsea\/chelsea-third-fan-jersey-2025-26\/","title":{"rendered":"Terceira camisola de adepto do Chelsea 2025\/26"},"content":{"rendered":"<h3>Torcer com amor e estilo!<\/h3>\n<p>Gosta de ver a sua equipa jogar? Claro que sim! Ent\u00e3o mostre o seu amor pela sua equipa e compre a camisola do seu clube favorito com <strong>qualidade superior e pre\u00e7o justo<\/strong>!<\/p>\n<h3>A compra \u00e9 segura?<\/h3>\n<p>A compra \u00e9 100% segura! Garantimos uma compra segura, produtos de alta qualidade e uma satisfa\u00e7\u00e3o total. Se n\u00e3o ficar satisfeito com a qualidade das nossas camisolas, pode pedir uma devolu\u00e7\u00e3o no prazo de 7 dias ap\u00f3s a rece\u00e7\u00e3o da sua encomenda.<\/p>\n<h3>Entrega r\u00e1pida e segura!<\/h3>\n<p>Acompanhamo-lo em todas as fases do processo. Garantimos uma transa\u00e7\u00e3o segura, produtos de alta qualidade e satisfa\u00e7\u00e3o total. Ap\u00f3s a confirma\u00e7\u00e3o da sua encomenda, a nossa equipa entrar\u00e1 em contacto consigo por correio eletr\u00f3nico no prazo de 7 dias \u00fateis para lhe fornecer o c\u00f3digo de rastreio, que pode ser seguido em tempo real.<\/p>","protected":false},"excerpt":{"rendered":"<p>Torcer com amor e estilo! Gosta de ver a sua equipa jogar? Claro que sim! Ent\u00e3o mostra o teu amor<\/p>","protected":false},"featured_media":82301,"comment_status":"open","ping_status":"closed","template":"","meta":[],"product_brand":[],"product_cat":[255,168,190,175,542],"product_tag":[612],"class_list":{"0":"post-60424","1":"product","2":"type-product","3":"status-publish","4":"has-post-thumbnail","6":"product_cat-chelsea","7":"product_cat-clubs","8":"product_cat-fan-jersey","9":"product_cat-premier-league","10":"product_cat-releases-2025-26","11":"product_tag-chelsea","13":"first","14":"instock","15":"sale","16":"shipping-taxable","17":"purchasable","18":"product-type-variable"},"exclude_global_add_ons":[],"addons":[],"_links":{"self":[{"href":"https:\/\/fanaticstore.shop\/pt\/wp-json\/wp\/v2\/product\/60424","targetHints":{"allow":["GET"]}}],"collection":[{"href":"https:\/\/fanaticstore.shop\/pt\/wp-json\/wp\/v2\/product"}],"about":[{"href":"https:\/\/fanaticstore.shop\/pt\/wp-json\/wp\/v2\/types\/product"}],"replies":[{"embeddable":true,"href":"https:\/\/fanaticstore.shop\/pt\/wp-json\/wp\/v2\/comments?post=60424"}],"wp:featuredmedia":[{"embeddable":true,"href":"https:\/\/fanaticstore.shop\/pt\/wp-json\/wp\/v2\/media\/82301"}],"wp:attachment":[{"href":"https:\/\/fanaticstore.shop\/pt\/wp-json\/wp\/v2\/media?parent=60424"}],"wp:term":[{"taxonomy":"product_brand","embeddable":true,"href":"https:\/\/fanaticstore.shop\/pt\/wp-json\/wp\/v2\/product_brand?post=60424"},{"taxonomy":"product_cat","embeddable":true,"href":"https:\/\/fanaticstore.shop\/pt\/wp-json\/wp\/v2\/product_cat?post=60424"},{"taxonomy":"product_tag","embeddable":true,"href":"https:\/\/fanaticstore.shop\/pt\/wp-json\/wp\/v2\/product_tag?post=60424"}],"curies":[{"name":"wp","href":"https:\/\/api.w.org\/{rel}","templated":true}]}}